{"id":2015,"date":"2024-08-21T11:38:17","date_gmt":"2024-08-21T10:38:17","guid":{"rendered":"https:\/\/dev.codingbase.at\/hofstaetter\/famiglia\/"},"modified":"2025-04-23T13:36:50","modified_gmt":"2025-04-23T12:36:50","slug":"famiglia","status":"publish","type":"page","link":"https:\/\/www.hofstatter.com\/it\/famiglia\/","title":{"rendered":"Famiglia"},"content":{"rendered":"<section class=\"l-section wpb_row height_large\" id=\"content\"><div class=\"l-section-h i-cf\"><div class=\"g-cols vc_row via_grid cols_1 laptops-cols_inherit tablets-cols_inherit mobiles-cols_1 valign_top type_default stacking_default\"><div class=\"wpb_column vc_column_container us_custom_60e9caca us_animate_this\"><div class=\"vc_column-inner\"><h1 class=\"w-post-elm post_title align_center entry-title color_link_inherit\">Famiglia<\/h1><div class=\"wpb_text_column font-teaser\"><div class=\"wpb_wrapper\"><p>Il sapere di 5 generazioni.<br \/>\nLa voglia di creare cose nuove insieme.<br \/>\nLa storia della nostra azienda vinicola di famiglia risale al XIX secolo.<\/p>\n<\/div><\/div><\/div><\/div><\/div><\/div><\/section><section class=\"l-section wpb_row hofstaetter-slider height_auto width_full\"><div class=\"l-section-h i-cf\"><div class=\"g-cols vc_row via_grid cols_1 laptops-cols_inherit tablets-cols_inherit mobiles-cols_1 valign_top type_default stacking_default\"><div class=\"wpb_column vc_column_container us_custom_cfdf64d4\"><div class=\"vc_column-inner\"><\/div><\/div><\/div><\/div><\/section><section class=\"l-section wpb_row height_large\"><div class=\"l-section-h i-cf\"><div class=\"g-cols vc_row via_grid cols_1 laptops-cols_inherit tablets-cols_inherit mobiles-cols_1 valign_top type_default stacking_default\"><div class=\"wpb_column vc_column_container\"><div class=\"vc_column-inner\"><div class=\"g-cols wpb_row via_grid cols_2 laptops-cols_inherit tablets-cols_inherit mobiles-cols_1 valign_top type_default stacking_default\" style=\"--columns-gap:3rem;--laptops-columns-gap:3rem;--tablets-columns-gap:3rem;--mobiles-columns-gap:1rem;\"><div class=\"wpb_column vc_column_container\"><div class=\"vc_column-inner\"><div class=\"wpb_text_column\"><div class=\"wpb_wrapper\"><p><span style=\"letter-spacing: 0em;\">Pensare in prospettiva. Proprio come Paolo Foradori, che coni\u00f2 il termine &#8220;Vigna&#8221; \u2013 segnando la nascita della classificazione dei singoli appezzamenti in Alto Adige. Lo spirito pionieristico \u00e8 parte della nostra famiglia.    <\/span><br \/>\nOggi a guidarla vi sono Martin e Beatrix Foradori Hofst\u00e4tter, con il supporto della nuova generazione: Niklas ed Emma.  <span style=\"text-decoration: line-through;\"><\/span><\/p>\n<\/div><\/div><\/div><\/div><div class=\"wpb_column vc_column_container\"><div class=\"vc_column-inner\"><div class=\"wpb_text_column\"><div class=\"wpb_wrapper\"><p>L\u2019impegno quotidiano per l&#8217;eccellenza. Sia nei vigneti, dove ci prendiamo cura delle viti con la potatura soffice e l\u2019inerbimento, sia in cantina, dove, oltre alle tradizionali botti in legno, utilizziamo anche innovative vasche in cemento per l\u2019affinamento dei nostri vini, e impieghiamo le tecnologie pi\u00f9 moderne.<\/p>\n<\/div><\/div><\/div><\/div><\/div><\/div><\/div><\/div><\/div><\/section><section class=\"l-section wpb_row us_custom_3188818e height_large\"><div class=\"l-section-h i-cf\"><div class=\"g-cols vc_row via_grid cols_1 laptops-cols_inherit tablets-cols_inherit mobiles-cols_1 valign_top type_default stacking_default\"><div class=\"wpb_column vc_column_container\"><div class=\"vc_column-inner\"><h2 class=\"w-text us_custom_eb849559 hide_on_default hide_on_laptops hide_on_tablets\"><span class=\"w-text-h\"><span class=\"w-text-value\">Storia della famiglia<\/span><\/span><\/h2><h2 class=\"w-text us_custom_eb849559 hide_on_mobiles\"><span class=\"w-text-h\"><span class=\"w-text-value\">Storia della famiglia<\/span><\/span><\/h2><div class=\"w-tabs style_default switch_click accordion has_scrolling remove_indents\" style=\"--sections-title-size:1.5em\"><div class=\"w-tabs-sections titles-align_none icon_chevron cpos_right\"><div class=\"w-tabs-section\" id=\"pdbc\"><button class=\"w-tabs-section-header\" aria-controls=\"content-pdbc\" aria-expanded=\"false\"><h3 class=\"w-tabs-section-title\"><span class=\"family-acc-generation\">5. generazione<\/span><br>Niklas e Emma Foradori Hofst\u00e4tter<\/h3><div class=\"w-tabs-section-control\"><\/div><\/button><div  class=\"w-tabs-section-content\" id=\"content-pdbc\"><div class=\"w-tabs-section-content-h i-cf\"><div class=\"g-cols wpb_row via_grid cols_2-1 laptops-cols_inherit tablets-cols_inherit mobiles-cols_1 valign_top type_default stacking_default\" style=\"--columns-gap:3rem;\"><div class=\"wpb_column vc_column_container\"><div class=\"vc_column-inner\"><div class=\"w-post-elm post_custom_field type_text text_generation_5 color_link_inherit\"><p>La quinta e pi\u00f9 giovane generazione della cantina \u2013 e con essa nuovi modi di pensare. Impulsi inediti che traggono origine dalla formazione di Niklas, che lo ha portato nelle pi\u00f9 importanti regioni vinicole del mondo dopo aver studiato enologia e viticoltura in Germania.  <\/p>\n<p>Anche Emma, la pi\u00f9 giovane dei tre fratelli, d\u00e0 il suo contributo con nuove idee. Mentre prosegue i suoi studi, cura la comunicazione della cantina. <\/p>\n<\/div><\/div><\/div><div class=\"wpb_column vc_column_container\"><div class=\"vc_column-inner\"><div class=\"w-image has_ratio align_none\"><div class=\"w-image-h\"><div style=\"padding-bottom:100%\"><\/div><img loading=\"lazy\" decoding=\"async\" class=\"g-placeholder\" src=\"https:\/\/www.hofstatter.com\/wp-content\/plugins\/us-core\/assets\/images\/placeholder.svg\" width=\"1024\" height=\"1024\" alt><\/div><\/div><\/div><\/div><\/div><\/div><\/div><\/div><div class=\"w-tabs-section\" id=\"p2b2\"><button class=\"w-tabs-section-header\" aria-controls=\"content-p2b2\" aria-expanded=\"false\"><h3 class=\"w-tabs-section-title\"><span class=\"family-acc-generation\">4. generazione<\/span><br>Martin e Beatrix Foradori Hofst\u00e4tter<\/h3><div class=\"w-tabs-section-control\"><\/div><\/button><div  class=\"w-tabs-section-content\" id=\"content-p2b2\"><div class=\"w-tabs-section-content-h i-cf\"><div class=\"g-cols wpb_row via_grid cols_2-1 laptops-cols_inherit tablets-cols_inherit mobiles-cols_1 valign_top type_default stacking_default\" style=\"--columns-gap:3rem;\"><div class=\"wpb_column vc_column_container\"><div class=\"vc_column-inner\"><div class=\"w-post-elm post_custom_field type_text text_generation_4 color_link_inherit\"><p>Hanno reso J. Hofst\u00e4tter una delle pi\u00f9 tradizionali e, allo stesso tempo, pi\u00f9 moderne realt\u00e0 a conduzione familiare dell'Alto Adige. Oltre alle storiche particelle su entrambi i lati della Bassa Atesina, oggi l\u2019azienda comprende anche vigneti nella regione vinicola tedesca della Mosella e Maso Michei, la tenuta situata a 823 metri di altitudine, tra le \"Piccole Dolomiti\" del Trentino. Per Martin Foradori Hofst\u00e4tter, lo sviluppo va sempre di pari passo con il rinnovamento. Dal 1992, gestisce J. Hofst\u00e4tter in un costante equilibrio tra coerenza e cambiamento.   <\/p>\n<\/div><\/div><\/div><div class=\"wpb_column vc_column_container\"><div class=\"vc_column-inner\"><div class=\"w-image has_ratio align_none\"><div class=\"w-image-h\"><div style=\"padding-bottom:100%\"><\/div><img loading=\"lazy\" decoding=\"async\" class=\"g-placeholder\" src=\"https:\/\/www.hofstatter.com\/wp-content\/plugins\/us-core\/assets\/images\/placeholder.svg\" width=\"1024\" height=\"1024\" alt><\/div><\/div><\/div><\/div><\/div><\/div><\/div><\/div><div class=\"w-tabs-section\" id=\"e774\"><button class=\"w-tabs-section-header\" aria-controls=\"content-e774\" aria-expanded=\"false\"><h3 class=\"w-tabs-section-title\"><span class=\"family-acc-generation\">3. generazione<\/span><br>Paolo Foradori e Sieglinde Oberhofer<\/h3><div class=\"w-tabs-section-control\"><\/div><\/button><div  class=\"w-tabs-section-content\" id=\"content-e774\"><div class=\"w-tabs-section-content-h i-cf\"><div class=\"g-cols wpb_row via_grid cols_2-1 laptops-cols_inherit tablets-cols_inherit mobiles-cols_1 valign_top type_default stacking_default\" style=\"--columns-gap:3rem;\"><div class=\"wpb_column vc_column_container\"><div class=\"vc_column-inner\"><div class=\"w-post-elm post_custom_field type_text text_generation_3 color_link_inherit\"><span class=\"w-post-elm-value\">Nel 1959 la figlia di Luise e Konrad, Sieglinde, sposa il vignaiolo Paolo Foradori. <br>Quasi tre decenni dopo, Paolo compie un passo che cambier\u00e0 la viticoltura in Alto Adige: nel 1987 introduce per la prima volta la classificazione \"Vigna\" in etichetta. In questo modo, crea il primo vino da singolo vigneto dell'Alto Adige: il Barthenau Vigna S. Urbano Pinot Nero. Non lascia un segno indelebile solo nella nostra cantina, ma anche nella viticoltura dell'intera regione. Grazie a lui, l'altopiano di Mazon e il Pinot Nero dell'Alto Adige ottengono fama e riconoscimenti in tutto il mondo. Paolo Foradori riesce inoltre a far conoscere il Gew\u00fcrztraminer secco, conferendogli il prestigio di cui gode oggi.     <\/span><\/div><\/div><\/div><div class=\"wpb_column vc_column_container\"><div class=\"vc_column-inner\"><div class=\"w-image has_ratio align_none\"><div class=\"w-image-h\"><div style=\"padding-bottom:100%\"><\/div><img loading=\"lazy\" decoding=\"async\" class=\"g-placeholder\" src=\"https:\/\/www.hofstatter.com\/wp-content\/plugins\/us-core\/assets\/images\/placeholder.svg\" width=\"1024\" height=\"1024\" alt><\/div><\/div><\/div><\/div><\/div><\/div><\/div><\/div><div class=\"w-tabs-section\" id=\"hf4d\"><button class=\"w-tabs-section-header\" aria-controls=\"content-hf4d\" aria-expanded=\"false\"><h3 class=\"w-tabs-section-title\"><span class=\"family-acc-generation\">2. generazione<\/span><br>Konrad e Luise Oberhofer<\/h3><div class=\"w-tabs-section-control\"><\/div><\/button><div  class=\"w-tabs-section-content\" id=\"content-hf4d\"><div class=\"w-tabs-section-content-h i-cf\"><div class=\"g-cols wpb_row via_grid cols_2-1 laptops-cols_inherit tablets-cols_inherit mobiles-cols_1 valign_top type_default stacking_default\" style=\"--columns-gap:3rem;\"><div class=\"wpb_column vc_column_container\"><div class=\"vc_column-inner\"><div class=\"w-post-elm post_custom_field type_text text_generation_2 color_link_inherit\"><span class=\"w-post-elm-value\">La seconda generazione in cantina: la nipote di Maria Hofst\u00e4tter, Luise Haller, e suo marito Konrad Oberhofer. Quest'ultimo compie una svolta totalmente all\u2019avanguardia: imbottiglia il suo vino anzich\u00e9 venderlo in botti. All'epoca questa fu un'innovazione unica in Alto Adige, ma non fu la sola. Negli anni '50, Konrad Oberhofer vinifica per la prima volta un vino identificandone la sua origine specifica, il \u201cKolbenhof Vernatsch\u201d. Ci\u00f2 pose un'ulteriore pietra miliare per il successo e la continua ascesa della nostra azienda.    <\/span><\/div><\/div><\/div><div class=\"wpb_column vc_column_container\"><div class=\"vc_column-inner\"><div class=\"w-image has_ratio align_none\"><div class=\"w-image-h\"><div style=\"padding-bottom:100%\"><\/div><img loading=\"lazy\" decoding=\"async\" class=\"g-placeholder\" src=\"https:\/\/www.hofstatter.com\/wp-content\/plugins\/us-core\/assets\/images\/placeholder.svg\" width=\"1024\" height=\"1024\" alt><\/div><\/div><\/div><\/div><\/div><\/div><\/div><\/div><div class=\"w-tabs-section\" id=\"f945\"><button class=\"w-tabs-section-header\" aria-controls=\"content-f945\" aria-expanded=\"false\"><h3 class=\"w-tabs-section-title\"><span class=\"family-acc-generation\">1. generazione<\/span><br>Josef e Maria Hofst\u00e4tter<\/h3><div class=\"w-tabs-section-control\"><\/div><\/button><div  class=\"w-tabs-section-content\" id=\"content-f945\"><div class=\"w-tabs-section-content-h i-cf\"><div class=\"g-cols wpb_row via_grid cols_2-1 laptops-cols_inherit tablets-cols_inherit mobiles-cols_1 valign_top type_default stacking_default\" style=\"--columns-gap:3rem;\"><div class=\"wpb_column vc_column_container\"><div class=\"vc_column-inner\"><div class=\"w-post-elm post_custom_field type_text text_generation_1 color_link_inherit\"><span class=\"w-post-elm-value\">Un fabbro e una ristoratrice. Josef e Maria Hofst\u00e4tter fondano la loro cantina nel 1907. Per amore della viticoltura ma anche con l'intuizione che potesse essere l'inizio di qualcosa di nuovo, di importante.   <\/span><\/div><\/div><\/div><div class=\"wpb_column vc_column_container\"><div class=\"vc_column-inner\"><div class=\"w-image has_ratio align_none\"><div class=\"w-image-h\"><div style=\"padding-bottom:100%\"><\/div><img loading=\"lazy\" decoding=\"async\" class=\"g-placeholder\" src=\"https:\/\/www.hofstatter.com\/wp-content\/plugins\/us-core\/assets\/images\/placeholder.svg\" width=\"1024\" height=\"1024\" alt><\/div><\/div><\/div><\/div><\/div><\/div><\/div><\/div><\/div><\/div><\/div><\/div><\/div><\/div><\/section><section class=\"l-section wpb_row hofstaetter-slider height_auto width_full\"><div class=\"l-section-h i-cf\"><div class=\"g-cols vc_row via_grid cols_1 laptops-cols_inherit tablets-cols_inherit mobiles-cols_1 valign_top type_default stacking_default\"><div class=\"wpb_column vc_column_container us_custom_60aa67af has_bg_color\"><div class=\"vc_column-inner\"><\/div><\/div><\/div><\/div><\/section><section class=\"l-section wpb_row height_large\"><div class=\"l-section-h i-cf\"><div class=\"g-cols vc_row via_grid cols_1 laptops-cols_inherit tablets-cols_inherit mobiles-cols_1 valign_top type_default stacking_default\"><div class=\"wpb_column vc_column_container\"><div class=\"vc_column-inner\"><div class=\"w-text font-quote\"><span class=\"w-text-h\"><span class=\"w-text-value\">Una visione lungimirante e un profondo rispetto ci hanno fatto diventare ci\u00f2 che siamo oggi.<\/span><\/span><\/div><div class=\"w-text us_custom_976b2d9f has_text_color\"><span class=\"w-text-h\"><span class=\"w-text-value\">Martin Foradori Hofst\u00e4tter<\/span><\/span><\/div><\/div><\/div><\/div><\/div><\/section><section class=\"l-section wpb_row us_custom_558fb458 hofstaetter-slider height_auto width_full\"><div class=\"l-section-h i-cf\"><div class=\"g-cols vc_row via_grid cols_1 laptops-cols_inherit tablets-cols_inherit mobiles-cols_1 valign_top type_default stacking_default\"><div class=\"wpb_column vc_column_container us_custom_cfdf64d4\"><div class=\"vc_column-inner\"><\/div><\/div><\/div><\/div><\/section>\n","protected":false},"excerpt":{"rendered":"","protected":false},"author":1,"featured_media":0,"parent":0,"menu_order":1,"comment_status":"closed","ping_status":"closed","template":"","meta":{"_acf_changed":false,"inline_featured_image":false,"footnotes":""},"class_list":["post-2015","page","type-page","status-publish","hentry"],"acf":[],"yoast_head":"<!-- This site is optimized with the Yoast SEO plugin v27.5 - https:\/\/yoast.com\/product\/yoast-seo-wordpress\/ -->\n<title>Famiglia - Tenuta J. Hofst\u00e4tter<\/title>\n<meta name=\"description\" content=\"Da generazioni la famiglia Foradori Hofst\u00e4tter si dedica alla propria passione: il vino. In Alto Adige, in Trentino e in Mosella.\" \/>\n<meta name=\"robots\" content=\"index, follow, max-snippet:-1, max-image-preview:large, max-video-preview:-1\" \/>\n<link rel=\"canonical\" href=\"https:\/\/www.hofstatter.com\/it\/famiglia\/\" \/>\n<meta property=\"og:locale\" content=\"it_IT\" \/>\n<meta property=\"og:type\" content=\"article\" \/>\n<meta property=\"og:title\" content=\"Famiglia - Tenuta J. Hofst\u00e4tter\" \/>\n<meta property=\"og:description\" content=\"Da generazioni la famiglia Foradori Hofst\u00e4tter si dedica alla propria passione: il vino. In Alto Adige, in Trentino e in Mosella.\" \/>\n<meta property=\"og:url\" content=\"https:\/\/www.hofstatter.com\/it\/famiglia\/\" \/>\n<meta property=\"og:site_name\" content=\"Tenuta J. Hofst\u00e4tter\" \/>\n<meta property=\"article:modified_time\" content=\"2025-04-23T12:36:50+00:00\" \/>\n<meta name=\"twitter:card\" content=\"summary_large_image\" \/>\n<meta name=\"twitter:label1\" content=\"Tempo di lettura stimato\" \/>\n\t<meta name=\"twitter:data1\" content=\"2 minuti\" \/>\n<script type=\"application\/ld+json\" class=\"yoast-schema-graph\">{\"@context\":\"https:\\\/\\\/schema.org\",\"@graph\":[{\"@type\":\"WebPage\",\"@id\":\"https:\\\/\\\/www.hofstatter.com\\\/it\\\/famiglia\\\/\",\"url\":\"https:\\\/\\\/www.hofstatter.com\\\/it\\\/famiglia\\\/\",\"name\":\"Famiglia - Tenuta J. Hofst\u00e4tter\",\"isPartOf\":{\"@id\":\"https:\\\/\\\/www.hofstatter.com\\\/it\\\/#website\"},\"datePublished\":\"2024-08-21T10:38:17+00:00\",\"dateModified\":\"2025-04-23T12:36:50+00:00\",\"description\":\"Da generazioni la famiglia Foradori Hofst\u00e4tter si dedica alla propria passione: il vino. In Alto Adige, in Trentino e in Mosella.\",\"breadcrumb\":{\"@id\":\"https:\\\/\\\/www.hofstatter.com\\\/it\\\/famiglia\\\/#breadcrumb\"},\"inLanguage\":\"it-IT\",\"potentialAction\":[{\"@type\":\"ReadAction\",\"target\":[\"https:\\\/\\\/www.hofstatter.com\\\/it\\\/famiglia\\\/\"]}]},{\"@type\":\"BreadcrumbList\",\"@id\":\"https:\\\/\\\/www.hofstatter.com\\\/it\\\/famiglia\\\/#breadcrumb\",\"itemListElement\":[{\"@type\":\"ListItem\",\"position\":1,\"name\":\"Startseite\",\"item\":\"https:\\\/\\\/www.hofstatter.com\\\/it\\\/pagina-iniziale\\\/\"},{\"@type\":\"ListItem\",\"position\":2,\"name\":\"Famiglia\"}]},{\"@type\":\"WebSite\",\"@id\":\"https:\\\/\\\/www.hofstatter.com\\\/it\\\/#website\",\"url\":\"https:\\\/\\\/www.hofstatter.com\\\/it\\\/\",\"name\":\"Weingut J. Hofst\u00e4tter\",\"description\":\"\",\"publisher\":{\"@id\":\"https:\\\/\\\/www.hofstatter.com\\\/it\\\/#organization\"},\"potentialAction\":[{\"@type\":\"SearchAction\",\"target\":{\"@type\":\"EntryPoint\",\"urlTemplate\":\"https:\\\/\\\/www.hofstatter.com\\\/it\\\/?s={search_term_string}\"},\"query-input\":{\"@type\":\"PropertyValueSpecification\",\"valueRequired\":true,\"valueName\":\"search_term_string\"}}],\"inLanguage\":\"it-IT\"},{\"@type\":\"Organization\",\"@id\":\"https:\\\/\\\/www.hofstatter.com\\\/it\\\/#organization\",\"name\":\"Weingut J. Hofst\u00e4tter\",\"url\":\"https:\\\/\\\/www.hofstatter.com\\\/it\\\/\",\"logo\":{\"@type\":\"ImageObject\",\"inLanguage\":\"it-IT\",\"@id\":\"https:\\\/\\\/www.hofstatter.com\\\/it\\\/#\\\/schema\\\/logo\\\/image\\\/\",\"url\":\"https:\\\/\\\/www.hofstatter.com\\\/wp-content\\\/uploads\\\/2024\\\/08\\\/logo.png\",\"contentUrl\":\"https:\\\/\\\/www.hofstatter.com\\\/wp-content\\\/uploads\\\/2024\\\/08\\\/logo.png\",\"width\":1540,\"height\":311,\"caption\":\"Weingut J. Hofst\u00e4tter\"},\"image\":{\"@id\":\"https:\\\/\\\/www.hofstatter.com\\\/it\\\/#\\\/schema\\\/logo\\\/image\\\/\"},\"sameAs\":[\"https:\\\/\\\/www.instagram.com\\\/hofstatter.winery\\\/\",\"https:\\\/\\\/www.linkedin.com\\\/company\\\/tenuta-hofstaetter\\\/\"]}]}<\/script>\n<!-- \/ Yoast SEO plugin. -->","yoast_head_json":{"title":"Famiglia - Tenuta J. Hofst\u00e4tter","description":"Da generazioni la famiglia Foradori Hofst\u00e4tter si dedica alla propria passione: il vino. In Alto Adige, in Trentino e in Mosella.","robots":{"index":"index","follow":"follow","max-snippet":"max-snippet:-1","max-image-preview":"max-image-preview:large","max-video-preview":"max-video-preview:-1"},"canonical":"https:\/\/www.hofstatter.com\/it\/famiglia\/","og_locale":"it_IT","og_type":"article","og_title":"Famiglia - Tenuta J. Hofst\u00e4tter","og_description":"Da generazioni la famiglia Foradori Hofst\u00e4tter si dedica alla propria passione: il vino. In Alto Adige, in Trentino e in Mosella.","og_url":"https:\/\/www.hofstatter.com\/it\/famiglia\/","og_site_name":"Tenuta J. Hofst\u00e4tter","article_modified_time":"2025-04-23T12:36:50+00:00","twitter_card":"summary_large_image","twitter_misc":{"Tempo di lettura stimato":"2 minuti"},"schema":{"@context":"https:\/\/schema.org","@graph":[{"@type":"WebPage","@id":"https:\/\/www.hofstatter.com\/it\/famiglia\/","url":"https:\/\/www.hofstatter.com\/it\/famiglia\/","name":"Famiglia - Tenuta J. Hofst\u00e4tter","isPartOf":{"@id":"https:\/\/www.hofstatter.com\/it\/#website"},"datePublished":"2024-08-21T10:38:17+00:00","dateModified":"2025-04-23T12:36:50+00:00","description":"Da generazioni la famiglia Foradori Hofst\u00e4tter si dedica alla propria passione: il vino. In Alto Adige, in Trentino e in Mosella.","breadcrumb":{"@id":"https:\/\/www.hofstatter.com\/it\/famiglia\/#breadcrumb"},"inLanguage":"it-IT","potentialAction":[{"@type":"ReadAction","target":["https:\/\/www.hofstatter.com\/it\/famiglia\/"]}]},{"@type":"BreadcrumbList","@id":"https:\/\/www.hofstatter.com\/it\/famiglia\/#breadcrumb","itemListElement":[{"@type":"ListItem","position":1,"name":"Startseite","item":"https:\/\/www.hofstatter.com\/it\/pagina-iniziale\/"},{"@type":"ListItem","position":2,"name":"Famiglia"}]},{"@type":"WebSite","@id":"https:\/\/www.hofstatter.com\/it\/#website","url":"https:\/\/www.hofstatter.com\/it\/","name":"Weingut J. Hofst\u00e4tter","description":"","publisher":{"@id":"https:\/\/www.hofstatter.com\/it\/#organization"},"potentialAction":[{"@type":"SearchAction","target":{"@type":"EntryPoint","urlTemplate":"https:\/\/www.hofstatter.com\/it\/?s={search_term_string}"},"query-input":{"@type":"PropertyValueSpecification","valueRequired":true,"valueName":"search_term_string"}}],"inLanguage":"it-IT"},{"@type":"Organization","@id":"https:\/\/www.hofstatter.com\/it\/#organization","name":"Weingut J. Hofst\u00e4tter","url":"https:\/\/www.hofstatter.com\/it\/","logo":{"@type":"ImageObject","inLanguage":"it-IT","@id":"https:\/\/www.hofstatter.com\/it\/#\/schema\/logo\/image\/","url":"https:\/\/www.hofstatter.com\/wp-content\/uploads\/2024\/08\/logo.png","contentUrl":"https:\/\/www.hofstatter.com\/wp-content\/uploads\/2024\/08\/logo.png","width":1540,"height":311,"caption":"Weingut J. Hofst\u00e4tter"},"image":{"@id":"https:\/\/www.hofstatter.com\/it\/#\/schema\/logo\/image\/"},"sameAs":["https:\/\/www.instagram.com\/hofstatter.winery\/","https:\/\/www.linkedin.com\/company\/tenuta-hofstaetter\/"]}]}},"_links":{"self":[{"href":"https:\/\/www.hofstatter.com\/it\/wp-json\/wp\/v2\/pages\/2015","targetHints":{"allow":["GET"]}}],"collection":[{"href":"https:\/\/www.hofstatter.com\/it\/wp-json\/wp\/v2\/pages"}],"about":[{"href":"https:\/\/www.hofstatter.com\/it\/wp-json\/wp\/v2\/types\/page"}],"author":[{"embeddable":true,"href":"https:\/\/www.hofstatter.com\/it\/wp-json\/wp\/v2\/users\/1"}],"replies":[{"embeddable":true,"href":"https:\/\/www.hofstatter.com\/it\/wp-json\/wp\/v2\/comments?post=2015"}],"version-history":[{"count":28,"href":"https:\/\/www.hofstatter.com\/it\/wp-json\/wp\/v2\/pages\/2015\/revisions"}],"predecessor-version":[{"id":6097,"href":"https:\/\/www.hofstatter.com\/it\/wp-json\/wp\/v2\/pages\/2015\/revisions\/6097"}],"wp:attachment":[{"href":"https:\/\/www.hofstatter.com\/it\/wp-json\/wp\/v2\/media?parent=2015"}],"curies":[{"name":"wp","href":"https:\/\/api.w.org\/{rel}","templated":true}]}}