{"id":2031,"date":"2024-08-27T13:22:17","date_gmt":"2024-08-27T11:22:17","guid":{"rendered":"https:\/\/dev.codingbase.at\/hofstaetter\/vigna\/"},"modified":"2026-03-25T17:54:07","modified_gmt":"2026-03-25T16:54:07","slug":"vigna","status":"publish","type":"page","link":"https:\/\/www.hofstatter.com\/it\/vigna\/","title":{"rendered":"Vigna"},"content":{"rendered":"<section class=\"l-section wpb_row height_large\" id=\"content\"><div class=\"l-section-h i-cf\"><div class=\"g-cols vc_row via_grid cols_1 laptops-cols_inherit tablets-cols_inherit mobiles-cols_1 valign_top type_default stacking_default\"><div class=\"wpb_column vc_column_container us_custom_60e9caca us_animate_this\"><div class=\"vc_column-inner\"><h1 class=\"w-post-elm post_title align_center entry-title color_link_inherit\">Vigna<\/h1><div class=\"wpb_text_column font-teaser\"><div class=\"wpb_wrapper\"><p>Pi\u00f9 precisa \u00e8 l\u2019origine, pi\u00f9 inconfondibile \u00e8 il vino.<br \/>\nQuesto principio trova la sua piena espressione nel termine \u201cVigna\u201d. Siamo stati i primi a introdurlo in Alto Adige e lo utilizziamo dal 1987. Con i nostri vini da singolo vigneto non seguiamo le mode: creiamo punti di riferimento. Sono una rappresentazione autentica di origine, carattere e costanza \u2013 valori che i nostri Pinot Nero di Mazon e Gew\u00fcrztraminer di Tramin-S\u00f6ll incarnano da decenni.<\/p>\n<\/div><\/div><div class=\"w-btn-wrapper align_center\"><a class=\"w-btn us-btn-style_1 button-underlined\" href=\"https:\/\/www.hofstatter.com\/it\/vini\/?_weinunterteilung=Vigna#suedtirol\"><span class=\"w-btn-label\">I nostri vini Vigna<\/span><\/a><\/div><\/div><\/div><\/div><\/div><\/section><section class=\"l-section wpb_row hofstaetter-slider height_auto width_full\"><div class=\"l-section-h i-cf\"><div class=\"g-cols vc_row via_grid cols_1 laptops-cols_inherit tablets-cols_inherit mobiles-cols_1 valign_top type_default stacking_default\"><div class=\"wpb_column vc_column_container us_custom_75e891b3 has_bg_color\"><div class=\"vc_column-inner\"><\/div><\/div><\/div><\/div><\/section><section class=\"l-section wpb_row height_large\" id=\"mazon\"><div class=\"l-section-h i-cf\"><div class=\"g-cols vc_row via_grid cols_1 laptops-cols_inherit tablets-cols_inherit mobiles-cols_1 valign_top type_default stacking_default\"><div class=\"wpb_column vc_column_container\"><div class=\"vc_column-inner\"><div class=\"wpb_text_column us_custom_eb849559\"><div class=\"wpb_wrapper\"><h2>Il Pinot Nero di <span class=\"lagen-icon\">Mazon<\/span><br \/>\nRadicato nella roccia primordiale<\/h2>\n<\/div><\/div><div class=\"g-cols wpb_row us_custom_72fc42ef via_grid cols_2 laptops-cols_inherit tablets-cols_inherit mobiles-cols_1 valign_top type_default stacking_default\" style=\"--columns-gap:3rem;--laptops-columns-gap:3rem;--tablets-columns-gap:3rem;--mobiles-columns-gap:1rem;\"><div class=\"wpb_column vc_column_container\"><div class=\"vc_column-inner\"><div class=\"wpb_text_column\"><div class=\"wpb_wrapper\"><p>Con la tenuta Barthenau, la nostra famiglia ha contribuito in modo determinante a fare di Mazon ci\u00f2 che \u00e8 oggi:<br \/>l\u2019altopiano \u00e8 riconosciuto in tutto il mondo come il cuore pulsante del Pinot Nero italiano.<\/p>\n<p>Al centro vi \u00e8 una rarit\u00e0 geologica, unica nella viticoltura altoatesina: i cosiddetti strati di Werfen, risalenti a oltre 250 milioni di anni fa \u2013 rocce sedimentarie colorate formatesi in un\u2019antica laguna preistorica. Questo substrato ricco di minerali costituisce anche la base geologica delle Dolomiti e conferisce ai terreni di Mazon il loro carattere particolare.<\/p>\n<\/div><\/div><\/div><\/div><div class=\"wpb_column vc_column_container\"><div class=\"vc_column-inner\"><div class=\"wpb_text_column\"><div class=\"wpb_wrapper\"><p>A differenza di molte altre zone vitivinicole, dove i suoli sono modellati dai ghiacciai, qui le radici delle viti affondano direttamente in una roccia primordiale affiorante. Dalla combinazione dei rari minerali argillosi, con un\u2019irradiazione solare equilibrata e un microclima fresco nasce un terroir capace di esprimere la massima eleganza del Pinot Nero. <\/p>\n<p>Persino parcelle tra loro confinanti danno origine a vini marcatamente diversi \u2013 segno evidente dell\u2019impronta del terroir.<\/p>\n<p>Mazon non \u00e8 un paragone \u2013 \u00e8 un\u2019origine. Un luogo in cui storia, geologia e vino si fondono in modo unico.<\/p>\n<\/div><\/div><\/div><\/div><\/div><\/div><\/div><\/div><\/div><\/section><section class=\"l-section wpb_row hofstaetter-slider height_auto width_full\"><div class=\"l-section-h i-cf\"><div class=\"g-cols vc_row via_grid cols_1 laptops-cols_inherit tablets-cols_inherit mobiles-cols_1 valign_top type_default stacking_default\"><div class=\"wpb_column vc_column_container us_custom_cfdf64d4\"><div class=\"vc_column-inner\"><\/div><\/div><\/div><\/div><\/section><section class=\"l-section wpb_row height_large\" id=\"tramin-soell\"><div class=\"l-section-h i-cf\"><div class=\"g-cols vc_row via_grid cols_1 laptops-cols_inherit tablets-cols_inherit mobiles-cols_1 valign_top type_default stacking_default\"><div class=\"wpb_column vc_column_container\"><div class=\"vc_column-inner\"><div class=\"wpb_text_column us_custom_eb849559\"><div class=\"wpb_wrapper\"><h2><span class=\"lagen-icon\">Tramin-S\u00f6ll <\/span><br \/>\nl\u2019origine del Gew\u00fcrztraminer<\/h2>\n<\/div><\/div><div class=\"g-cols wpb_row us_custom_72fc42ef via_grid cols_2 laptops-cols_inherit tablets-cols_inherit mobiles-cols_1 valign_top type_default stacking_default\" style=\"--columns-gap:3rem;--laptops-columns-gap:3rem;--tablets-columns-gap:3rem;--mobiles-columns-gap:1rem;\"><div class=\"wpb_column vc_column_container\"><div class=\"vc_column-inner\"><div class=\"wpb_text_column\"><div class=\"wpb_wrapper\"><p><span style=\"letter-spacing: 0em;\">Sopra Termeno si trova S\u00f6ll, un piccolo borgo con una grande particolarit\u00e0: qui si incontrano diverse zone geologiche che danno vita a un terroir unico nel suo genere.<\/span><\/p>\n<p>I suoli, ricchi di fini minerali argillosi, sono caratterizzati da antichi depositi glaciali composti da dolomia calcarea, porfido vulcanico e arenaria. Questa miscela speciale influisce sulla profondit\u00e0 delle radici, sulla capacit\u00e0 di trattenere l\u2019acqua e soprattutto sulla complessit\u00e0 e stratificazione degli aromi delle uve.<\/p>\n<\/div><\/div><\/div><\/div><div class=\"wpb_column vc_column_container\"><div class=\"vc_column-inner\"><div class=\"wpb_text_column\"><div class=\"wpb_wrapper\"><p>Anche il microclima riveste un ruolo fondamentale: le fresche brezze serali che scendono dal Roen, la vetta pi\u00f9 alta di Termeno (2.116 m), portano aria fresca nei vigneti e favoriscono una maturazione lenta e armoniosa delle uve, esaltandone l\u2019aromaticit\u00e0.<\/p>\n<p>Il Gew\u00fcrztraminer qui sviluppa un carattere perfettamente distinguibile: espressivo, ben strutturato, con una raffinata mineralit\u00e0, freschezza e persistenza. Questo vino racconta l\u2019incontro tra suolo, clima, vento e altitudine \u2013 e testimonia come un luogo possa essere davvero unico, modellato dalla natura in milioni di anni.<\/p>\n<\/div><\/div><\/div><\/div><\/div><\/div><\/div><\/div><\/div><\/section><section class=\"l-section wpb_row hofstaetter-slider height_auto width_full\"><div class=\"l-section-h i-cf\"><div class=\"g-cols vc_row via_grid cols_1 laptops-cols_inherit tablets-cols_inherit mobiles-cols_1 valign_top type_default stacking_default\"><div class=\"wpb_column vc_column_container us_custom_40f4292a has_bg_color\"><div class=\"vc_column-inner\"><\/div><\/div><\/div><\/div><\/section><section class=\"l-section wpb_row height_large\"><div class=\"l-section-h i-cf\"><div class=\"g-cols vc_row via_grid cols_1 laptops-cols_inherit tablets-cols_inherit mobiles-cols_1 valign_top type_default stacking_default\"><div class=\"wpb_column vc_column_container\"><div class=\"vc_column-inner\"><h2 class=\"w-text us_custom_eb849559\"><span class=\"w-text-h\"><span class=\"w-text-value\">Il terroir non \u00e8 un mito.<br \/>\n\u00c8 una realt\u00e0 misurabile.<\/span><\/span><\/h2><div class=\"g-cols wpb_row us_custom_72fc42ef via_grid cols_2 laptops-cols_inherit tablets-cols_inherit mobiles-cols_1 valign_top type_default stacking_default\" style=\"--columns-gap:3rem;--laptops-columns-gap:3rem;--tablets-columns-gap:3rem;--mobiles-columns-gap:1rem;\"><div class=\"wpb_column vc_column_container\"><div class=\"vc_column-inner\"><div class=\"wpb_text_column\"><div class=\"wpb_wrapper\"><p><span style=\"letter-spacing: 0em;\">Ci\u00f2 che la nostra famiglia ha intuito da generazioni, oggi trova conferma nei dati scientifici: il carattere di un vino non \u00e8 frutto del caso. Nasce dal terroir \u2013 l\u2019interazione fra suolo, clima, luce ed esposizione. <\/span><\/p>\n<p>Grazie a un progetto di ricerca abbiamo analizzato i nostri vigneti parcella per parcella, con l\u2019obiettivo di rendere misurabile il terroir. Al centro vi \u00e8 il suolo: la sua struttura, la composizione geologica, la capacit\u00e0 di trattenere o rilasciare acqua, di regolare il calore e di fornire nutrienti. Questi fattori influenzano la crescita delle radici, lo stress della pianta e quindi la maturazione e la qualit\u00e0 delle uve.<\/p>\n<\/div><\/div><\/div><\/div><div class=\"wpb_column vc_column_container\"><div class=\"vc_column-inner\"><div class=\"wpb_text_column\"><div class=\"wpb_wrapper\"><p>Ma il terroir non \u00e8 solo suolo. Abbiamo analizzato anche il microclima, l\u2019andamento del sole, l\u2019inclinazione dei pendii, l\u2019altitudine e la circolazione dell\u2019aria \u2013 elementi che determinano la crescita della vite, la maturazione dell\u2019uva e la complessit\u00e0 del vino.  <\/p>\n<p>Das Ergebnis: Jeder Weinberg besitzt eine eigene geologische und klimatische Identit\u00e4t \u2013 einzigartig, pr\u00e4zise beschrieben und nachvollziehbar. So k\u00f6nnen wir nicht nur den Charakter unserer Weine gezielt herausarbeiten, sondern auch zeigen, wie stark Terroir tats\u00e4chlich wirkt. <\/p>\n<p>Ci\u00f2 che un tempo era soltanto un\u2019intuizione, oggi \u00e8 conoscenza.<\/p>\n<\/div><\/div><\/div><\/div><\/div><\/div><\/div><\/div><\/div><\/section><section class=\"l-section wpb_row hofstaetter-slider height_auto width_full\"><div class=\"l-section-h i-cf\"><div class=\"g-cols vc_row via_grid cols_1 laptops-cols_inherit tablets-cols_inherit mobiles-cols_1 valign_top type_default stacking_default\"><div class=\"wpb_column vc_column_container us_custom_cfdf64d4\"><div class=\"vc_column-inner\"><\/div><\/div><\/div><\/div><\/section><section class=\"l-section wpb_row height_large\"><div class=\"l-section-h i-cf\"><div class=\"g-cols vc_row via_grid cols_1 laptops-cols_inherit tablets-cols_inherit mobiles-cols_1 valign_top type_default stacking_default\"><div class=\"wpb_column vc_column_container\"><div class=\"vc_column-inner\"><div class=\"wpb_text_column us_custom_8d5aa4e2\"><div class=\"wpb_wrapper\"><h2 style=\"text-align: center;\">Il terroir e la biodiversit\u00e0 del suolo in Alto Adige<\/h2>\n<\/div><\/div><div class=\"w-tabs style_default switch_click accordion remove_indents\" style=\"--sections-title-size:1.5em\"><div class=\"w-tabs-sections titles-align_none icon_chevron cpos_right\"><div class=\"w-tabs-section\" id=\"see8\" itemscope itemprop=\"mainEntity\" itemtype=\"https:\/\/schema.org\/Question\"><button class=\"w-tabs-section-header\" aria-controls=\"content-see8\" aria-expanded=\"false\"><h3 class=\"w-tabs-section-title\" itemprop=\"name\">Come il sottosuolo\/terreno pu\u00f2 influenzare un vino?<\/h3><div class=\"w-tabs-section-control\"><\/div><\/button><div  class=\"w-tabs-section-content\" id=\"content-see8\" itemscope itemprop=\"acceptedAnswer\" itemtype=\"https:\/\/schema.org\/Answer\"><div class=\"w-tabs-section-content-h i-cf\" itemprop=\"text\"><p><span>Il sottosuolo \u00e8 un microambiente composito che influenza la vite e, pertanto, la qualit\u00e0 dell\u2019uva e del vino, fornendo nutrienti minerali, drenaggio, capacit\u00e0 termica e sostegno. Questi elementi condizionano il vigore o lo stress della pianta, la maturazione dell\u2019uva e il suo profilo qualitativo.  <\/span><\/p>\n<\/div><\/div><\/div><div class=\"w-tabs-section\" id=\"gefb\" itemscope itemprop=\"mainEntity\" itemtype=\"https:\/\/schema.org\/Question\"><button class=\"w-tabs-section-header\" aria-controls=\"content-gefb\" aria-expanded=\"false\"><h3 class=\"w-tabs-section-title\" itemprop=\"name\">Oltre al suolo, quale o quali fattori sono tra i pi\u00f9 incisivi per il vino?<\/h3><div class=\"w-tabs-section-control\"><\/div><\/button><div  class=\"w-tabs-section-content\" id=\"content-gefb\" itemscope itemprop=\"acceptedAnswer\" itemtype=\"https:\/\/schema.org\/Answer\"><div class=\"w-tabs-section-content-h i-cf\" itemprop=\"text\"><p>L\u2019indice SRI (Solar Radiation Identity) rappresenta la \u201cfirma energetica\u201d solare di ogni vigneto, misurando la quantit\u00e0 di radiazione solare potenziale ricevuta durante il ciclo vegetativo, calcolata con dati topoclimatici come pendenza, esposizione, altitudine e ombreggiamento. Il vignaiolo pu\u00f2 usare l\u2019SRI per: <\/p>\n<ul>\n<li><span>scegliere il vitigno pi\u00f9 adatto per una specifica particella <\/span><\/li>\n<li><span>prevedere fattori come germogliazione, crescita, periodo di vendemmia <\/span><\/li>\n<li><span>riconoscere e ridurre i rischi legati al clima <\/span><\/li>\n<li><span>valorizzare il proprio terroir con dati oggettivi e dimostrabili.<\/span><\/li>\n<\/ul>\n<\/div><\/div><\/div><div class=\"w-tabs-section\" id=\"af07\" itemscope itemprop=\"mainEntity\" itemtype=\"https:\/\/schema.org\/Question\"><button class=\"w-tabs-section-header\" aria-controls=\"content-af07\" aria-expanded=\"false\"><h3 class=\"w-tabs-section-title\" itemprop=\"name\">Quali sono le maggiori formazioni geologiche dell\u2019Alto Adige?<\/h3><div class=\"w-tabs-section-control\"><\/div><\/button><div  class=\"w-tabs-section-content\" id=\"content-af07\" itemscope itemprop=\"acceptedAnswer\" itemtype=\"https:\/\/schema.org\/Answer\"><div class=\"w-tabs-section-content-h i-cf\" itemprop=\"text\"><p><span>L\u2019Alto Adige \u00e8 uno dei territori geologicamente pi\u00f9 complessi d\u2019Europa: al confine tra le placche europea, africana e oceanica, ospita oltre 250 formazioni rocciose di origine vulcanica, ignea, sedimentaria e metamorfica. I suoli derivanti sono una miscela dinamica e complessa di minerali, rimescolati nel tempo da ghiacciai, fiumi, torrenti e frane. In nessun altro luogo la vite si confronta con una tale ricchezza geo-ecologica e complessit\u00e0 di suoli, climi e origini geologiche, dando vita a un\u2019espressione viticola assolutamente unica nel panorama mondiale.   <\/span><\/p>\n<\/div><\/div><\/div><\/div><\/div><\/div><\/div><\/div><\/div><\/section><section class=\"l-section wpb_row us_custom_887a049b height_large\"><div class=\"l-section-h i-cf\"><div class=\"g-cols vc_row via_grid cols_1 laptops-cols_inherit tablets-cols_inherit mobiles-cols_1 valign_top type_default stacking_default\"><div class=\"wpb_column vc_column_container\"><div class=\"vc_column-inner\"><div class=\"w-image us_custom_50cc7d67 align_center\"><div class=\"w-image-h\"><img decoding=\"async\" width=\"150\" height=\"150\" src=\"https:\/\/www.hofstatter.com\/wp-content\/uploads\/2024\/09\/vigna_logo_blau.svg\" class=\"attachment-thumbnail size-thumbnail\" alt=\"\" loading=\"lazy\" \/><\/div><\/div><div class=\"wpb_text_column us_custom_4b7bced5\"><div class=\"wpb_wrapper\"><p class=\"x_x_MsoNormal\"><span data-olk-copy-source=\"MessageBody\">&#8220;Vigna&#8221; caratterizza i vini le cui uve provengono da un&#8217;unica e precisa particella di terreno.<\/span><\/p>\n<\/div><\/div><\/div><\/div><\/div><\/div><\/section>\n","protected":false},"excerpt":{"rendered":"","protected":false},"author":1,"featured_media":0,"parent":0,"menu_order":2,"comment_status":"closed","ping_status":"closed","template":"","meta":{"_acf_changed":false,"inline_featured_image":false,"footnotes":""},"class_list":["post-2031","page","type-page","status-publish","hentry"],"acf":[],"yoast_head":"<!-- This site is optimized with the Yoast SEO plugin v27.5 - https:\/\/yoast.com\/product\/yoast-seo-wordpress\/ -->\n<title>Vigna - Tenuta J. Hofst\u00e4tter<\/title>\n<meta name=\"robots\" content=\"index, follow, max-snippet:-1, max-image-preview:large, max-video-preview:-1\" \/>\n<link rel=\"canonical\" href=\"https:\/\/www.hofstatter.com\/it\/vigna\/\" \/>\n<meta property=\"og:locale\" content=\"it_IT\" \/>\n<meta property=\"og:type\" content=\"article\" \/>\n<meta property=\"og:title\" content=\"Vigna - Tenuta J. Hofst\u00e4tter\" \/>\n<meta property=\"og:url\" content=\"https:\/\/www.hofstatter.com\/it\/vigna\/\" \/>\n<meta property=\"og:site_name\" content=\"Tenuta J. Hofst\u00e4tter\" \/>\n<meta property=\"article:modified_time\" content=\"2026-03-25T16:54:07+00:00\" \/>\n<meta name=\"twitter:card\" content=\"summary_large_image\" \/>\n<meta name=\"twitter:label1\" content=\"Tempo di lettura stimato\" \/>\n\t<meta name=\"twitter:data1\" content=\"5 minuti\" \/>\n<script type=\"application\/ld+json\" class=\"yoast-schema-graph\">{\"@context\":\"https:\\\/\\\/schema.org\",\"@graph\":[{\"@type\":\"WebPage\",\"@id\":\"https:\\\/\\\/www.hofstatter.com\\\/it\\\/vigna\\\/\",\"url\":\"https:\\\/\\\/www.hofstatter.com\\\/it\\\/vigna\\\/\",\"name\":\"Vigna - Tenuta J. Hofst\u00e4tter\",\"isPartOf\":{\"@id\":\"https:\\\/\\\/www.hofstatter.com\\\/it\\\/#website\"},\"datePublished\":\"2024-08-27T11:22:17+00:00\",\"dateModified\":\"2026-03-25T16:54:07+00:00\",\"breadcrumb\":{\"@id\":\"https:\\\/\\\/www.hofstatter.com\\\/it\\\/vigna\\\/#breadcrumb\"},\"inLanguage\":\"it-IT\",\"potentialAction\":[{\"@type\":\"ReadAction\",\"target\":[\"https:\\\/\\\/www.hofstatter.com\\\/it\\\/vigna\\\/\"]}]},{\"@type\":\"BreadcrumbList\",\"@id\":\"https:\\\/\\\/www.hofstatter.com\\\/it\\\/vigna\\\/#breadcrumb\",\"itemListElement\":[{\"@type\":\"ListItem\",\"position\":1,\"name\":\"Startseite\",\"item\":\"https:\\\/\\\/www.hofstatter.com\\\/it\\\/pagina-iniziale\\\/\"},{\"@type\":\"ListItem\",\"position\":2,\"name\":\"Vigna\"}]},{\"@type\":\"WebSite\",\"@id\":\"https:\\\/\\\/www.hofstatter.com\\\/it\\\/#website\",\"url\":\"https:\\\/\\\/www.hofstatter.com\\\/it\\\/\",\"name\":\"Weingut J. Hofst\u00e4tter\",\"description\":\"\",\"publisher\":{\"@id\":\"https:\\\/\\\/www.hofstatter.com\\\/it\\\/#organization\"},\"potentialAction\":[{\"@type\":\"SearchAction\",\"target\":{\"@type\":\"EntryPoint\",\"urlTemplate\":\"https:\\\/\\\/www.hofstatter.com\\\/it\\\/?s={search_term_string}\"},\"query-input\":{\"@type\":\"PropertyValueSpecification\",\"valueRequired\":true,\"valueName\":\"search_term_string\"}}],\"inLanguage\":\"it-IT\"},{\"@type\":\"Organization\",\"@id\":\"https:\\\/\\\/www.hofstatter.com\\\/it\\\/#organization\",\"name\":\"Weingut J. Hofst\u00e4tter\",\"url\":\"https:\\\/\\\/www.hofstatter.com\\\/it\\\/\",\"logo\":{\"@type\":\"ImageObject\",\"inLanguage\":\"it-IT\",\"@id\":\"https:\\\/\\\/www.hofstatter.com\\\/it\\\/#\\\/schema\\\/logo\\\/image\\\/\",\"url\":\"https:\\\/\\\/www.hofstatter.com\\\/wp-content\\\/uploads\\\/2024\\\/08\\\/logo.png\",\"contentUrl\":\"https:\\\/\\\/www.hofstatter.com\\\/wp-content\\\/uploads\\\/2024\\\/08\\\/logo.png\",\"width\":1540,\"height\":311,\"caption\":\"Weingut J. Hofst\u00e4tter\"},\"image\":{\"@id\":\"https:\\\/\\\/www.hofstatter.com\\\/it\\\/#\\\/schema\\\/logo\\\/image\\\/\"},\"sameAs\":[\"https:\\\/\\\/www.instagram.com\\\/hofstatter.winery\\\/\",\"https:\\\/\\\/www.linkedin.com\\\/company\\\/tenuta-hofstaetter\\\/\"]}]}<\/script>\n<!-- \/ Yoast SEO plugin. -->","yoast_head_json":{"title":"Vigna - Tenuta J. Hofst\u00e4tter","robots":{"index":"index","follow":"follow","max-snippet":"max-snippet:-1","max-image-preview":"max-image-preview:large","max-video-preview":"max-video-preview:-1"},"canonical":"https:\/\/www.hofstatter.com\/it\/vigna\/","og_locale":"it_IT","og_type":"article","og_title":"Vigna - Tenuta J. Hofst\u00e4tter","og_url":"https:\/\/www.hofstatter.com\/it\/vigna\/","og_site_name":"Tenuta J. Hofst\u00e4tter","article_modified_time":"2026-03-25T16:54:07+00:00","twitter_card":"summary_large_image","twitter_misc":{"Tempo di lettura stimato":"5 minuti"},"schema":{"@context":"https:\/\/schema.org","@graph":[{"@type":"WebPage","@id":"https:\/\/www.hofstatter.com\/it\/vigna\/","url":"https:\/\/www.hofstatter.com\/it\/vigna\/","name":"Vigna - Tenuta J. Hofst\u00e4tter","isPartOf":{"@id":"https:\/\/www.hofstatter.com\/it\/#website"},"datePublished":"2024-08-27T11:22:17+00:00","dateModified":"2026-03-25T16:54:07+00:00","breadcrumb":{"@id":"https:\/\/www.hofstatter.com\/it\/vigna\/#breadcrumb"},"inLanguage":"it-IT","potentialAction":[{"@type":"ReadAction","target":["https:\/\/www.hofstatter.com\/it\/vigna\/"]}]},{"@type":"BreadcrumbList","@id":"https:\/\/www.hofstatter.com\/it\/vigna\/#breadcrumb","itemListElement":[{"@type":"ListItem","position":1,"name":"Startseite","item":"https:\/\/www.hofstatter.com\/it\/pagina-iniziale\/"},{"@type":"ListItem","position":2,"name":"Vigna"}]},{"@type":"WebSite","@id":"https:\/\/www.hofstatter.com\/it\/#website","url":"https:\/\/www.hofstatter.com\/it\/","name":"Weingut J. Hofst\u00e4tter","description":"","publisher":{"@id":"https:\/\/www.hofstatter.com\/it\/#organization"},"potentialAction":[{"@type":"SearchAction","target":{"@type":"EntryPoint","urlTemplate":"https:\/\/www.hofstatter.com\/it\/?s={search_term_string}"},"query-input":{"@type":"PropertyValueSpecification","valueRequired":true,"valueName":"search_term_string"}}],"inLanguage":"it-IT"},{"@type":"Organization","@id":"https:\/\/www.hofstatter.com\/it\/#organization","name":"Weingut J. Hofst\u00e4tter","url":"https:\/\/www.hofstatter.com\/it\/","logo":{"@type":"ImageObject","inLanguage":"it-IT","@id":"https:\/\/www.hofstatter.com\/it\/#\/schema\/logo\/image\/","url":"https:\/\/www.hofstatter.com\/wp-content\/uploads\/2024\/08\/logo.png","contentUrl":"https:\/\/www.hofstatter.com\/wp-content\/uploads\/2024\/08\/logo.png","width":1540,"height":311,"caption":"Weingut J. Hofst\u00e4tter"},"image":{"@id":"https:\/\/www.hofstatter.com\/it\/#\/schema\/logo\/image\/"},"sameAs":["https:\/\/www.instagram.com\/hofstatter.winery\/","https:\/\/www.linkedin.com\/company\/tenuta-hofstaetter\/"]}]}},"_links":{"self":[{"href":"https:\/\/www.hofstatter.com\/it\/wp-json\/wp\/v2\/pages\/2031","targetHints":{"allow":["GET"]}}],"collection":[{"href":"https:\/\/www.hofstatter.com\/it\/wp-json\/wp\/v2\/pages"}],"about":[{"href":"https:\/\/www.hofstatter.com\/it\/wp-json\/wp\/v2\/types\/page"}],"author":[{"embeddable":true,"href":"https:\/\/www.hofstatter.com\/it\/wp-json\/wp\/v2\/users\/1"}],"replies":[{"embeddable":true,"href":"https:\/\/www.hofstatter.com\/it\/wp-json\/wp\/v2\/comments?post=2031"}],"version-history":[{"count":63,"href":"https:\/\/www.hofstatter.com\/it\/wp-json\/wp\/v2\/pages\/2031\/revisions"}],"predecessor-version":[{"id":7685,"href":"https:\/\/www.hofstatter.com\/it\/wp-json\/wp\/v2\/pages\/2031\/revisions\/7685"}],"wp:attachment":[{"href":"https:\/\/www.hofstatter.com\/it\/wp-json\/wp\/v2\/media?parent=2031"}],"curies":[{"name":"wp","href":"https:\/\/api.w.org\/{rel}","templated":true}]}}