{"id":3390,"date":"2024-08-27T13:17:43","date_gmt":"2024-08-27T11:17:43","guid":{"rendered":"https:\/\/dev.codingbase.at\/hofstaetter\/impronta\/"},"modified":"2026-05-14T14:33:23","modified_gmt":"2026-05-14T12:33:23","slug":"impronta","status":"publish","type":"page","link":"https:\/\/www.hofstatter.com\/it\/impronta\/","title":{"rendered":"Impronta"},"content":{"rendered":"<section class=\"l-section wpb_row height_large\"><div class=\"l-section-h i-cf\"><div class=\"g-cols vc_row via_grid cols_1 laptops-cols_inherit tablets-cols_inherit mobiles-cols_1 valign_top type_default stacking_default\"><div class=\"wpb_column vc_column_container\"><div class=\"vc_column-inner\"><h1 class=\"w-post-elm post_title entry-title color_link_inherit\">Impronta<\/h1><div class=\"wpb_text_column\"><div class=\"wpb_wrapper\"><p>Tenuta J. Hofst\u00e4tter srl<br \/>\nPiazza Municipio 7, I-39040 Termeno (BZ), Alto Adige<\/p>\n<p>Tel: <a href=\"tel:00390471860161\">(+39) 0471 | 860161<\/a><br \/>\nWeb: www.hofstatter.com<br \/>\nE-Mail: <a href=\"mailto:info@hofstatter.com\">info@hofstatter.com<\/a><\/p>\n<p>Partita IVA: IT 00619540214<\/p>\n<h2>Aziende coinvolte nella realizzazione del sito web:<\/h2>\n<ul>\n<li><strong>Concetto e webdesign:<\/strong><br \/>\n<span>FRIEDL UND SCHMATZ GesmbH &#038; Co KG<\/span><br \/>\n<a href=\"https:\/\/friedlundschmatz.at\/\" target=\"_blank\" rel=\"noopener\">www.friedlundschmatz.at<\/a><br \/>\nTel.: +43 2272 62726<br \/>\nMail: <a href=\"mailto:office@friedlundschmatz.at\">office@friedlundschmatz.at<\/a><\/li>\n<li><strong>Realizzazione e sviluppo:<\/strong><br \/>\nCodingBase GmbH<br \/>\n<a href=\"https:\/\/www.codingbase.at\/\" target=\"_blank\" rel=\"noopener\">www.codingbase.at<\/a><br \/>\nTel.: <a href=\"tel:00436704094251\">+43 670 4094 241<\/a><br \/>\nMail:<a href=\"mailto:office@codingbase.at\"> office@codingbase.at<\/a><\/li>\n<\/ul>\n<h2>Diritti di immagine<\/h2>\n<p>Weingut J. Hofst\u00e4tter GmbH, <a href=\"https:\/\/peterbender.works\/\">Peter Bender,<\/a> Antie Braito, @isia.roma,  <a href=\"https:\/\/www.kreativstudioerhard.de\/\">Markus Erhard<\/a><\/p>\n<h2>Avviso di copyright<\/h2>\n<p>Le informazioni fornite sul sito web hofstatter.com sono state attentamente controllate e vengono aggiornate regolarmente. Non \u00e8 possibile garantire che le informazioni fornite su questo sito web siano complete, corrette o aggiornate. La Weingut J. Hofst\u00e4tter GmbH non si assume alcuna responsabilit\u00e0 per il contenuto di commenti di terzi o per il contenuto di pagine di terzi accessibili tramite link dal sito web. Per il contenuto delle pagine collegate \u00e8 responsabile il fornitore del rispettivo sito web. Tutti i contributi presenti su questa homepage sono protetti da copyright. Tutte le informazioni reperibili sul sito web hofstatter.com sono fornite senza alcuna garanzia di accuratezza. In nessun caso ci si assume la responsabilit\u00e0 per i danni, questo vale anche per tutti i siti web a cui si fa riferimento tramite un link.      <\/p>\n<h2>&#8220;Informazioni sulla risoluzione delle dispute online&#8221; ai sensi dell&#8217;art. 14 Abs. 1 ODR-VR <\/h2>\n<p>Da essa gestita (la cosiddetta &#8220;piattaforma OS&#8221;). La piattaforma OS pu\u00f2 fungere da punto di contatto per la risoluzione extragiudiziale delle dispute derivanti da contratti di vendita online o da contratti di servizio. Questa piattaforma \u00e8 raggiungibile tramite il link esterno ec.europa.eu\/consumers\/odr\/.  <\/p>\n<h2>Informazioni legali e copyright<\/h2>\n<p>L&#8217;utilizzo o la duplicazione di informazioni e dati (ad es. disegni, immagini, testi) richiede un&#8217;esplicita autorizzazione scritta e\/o il consenso dell&#8217;editore. Le informazioni e i dati del nostro sito web sono stati attentamente controllati e ricercati. Tuttavia, questi rappresentano solo un servizio e non sostituiscono una consulenza personale. L&#8217;editore non si assume alcuna responsabilit\u00e0 per attualit\u00e0, correttezza e completezza. Peraltro, la responsabilit\u00e0 \u00e8 limitata al dolo e alla colpa grave. L&#8217;editore si riserva espressamente il diritto di apportare modifiche e integrazioni alle informazioni fornite.     <\/p>\n<h2>Indicazione di responsabilit\u00e0 per i contenuti di questa pagina<\/h2>\n<p>Sviluppiamo costantemente il contenuto di questo sito web e ci sforziamo di fornire informazioni corrette e aggiornate. Purtroppo, non possiamo assumerci alcuna responsabilit\u00e0 per la correttezza di tutti i contenuti di questo sito web, in particolare per quelli forniti da terzi. In caso di contenuti problematici o illegali, vi preghiamo di contattarci immediatamente, troverete i dettagli di contatto nell&#8217;Impressum.  <\/p>\n<p>Indicazione di responsabilit\u00e0 per i link in questa pagina: Il nostro sito web contiene link ad altri siti web per il cui contenuto non siamo responsabili. Se notate dei link illegali sul nostro sito web, non esitate a contattarci, troverete i dettagli di contatto nell&#8217;Impressum. <\/p>\n<h2>Privacy<\/h2>\n<p>Le informazioni sulla privacy si trovano nella nostra informativa sulla <a href=\"https:\/\/www.hofstatter.com\/it\/privacy\/\">privacy<\/a>.<\/p>\n<\/div><\/div><\/div><\/div><\/div><\/div><\/section><section class=\"l-section wpb_row height_large\" id=\"test\"><div class=\"l-section-h i-cf\"><div class=\"g-cols vc_row via_grid cols_1 laptops-cols_inherit tablets-cols_inherit mobiles-cols_1 valign_top type_default stacking_default\"><div class=\"wpb_column vc_column_container\"><div class=\"vc_column-inner\"><\/div><\/div><\/div><\/div><\/section>\n","protected":false},"excerpt":{"rendered":"","protected":false},"author":1,"featured_media":0,"parent":0,"menu_order":0,"comment_status":"closed","ping_status":"closed","template":"","meta":{"_acf_changed":false,"inline_featured_image":false,"footnotes":""},"class_list":["post-3390","page","type-page","status-publish","hentry"],"acf":[],"yoast_head":"<!-- This site is optimized with the Yoast SEO plugin v27.5 - https:\/\/yoast.com\/product\/yoast-seo-wordpress\/ -->\n<title>Impronta - Tenuta J. Hofst\u00e4tter<\/title>\n<meta name=\"robots\" content=\"index, follow, max-snippet:-1, max-image-preview:large, max-video-preview:-1\" \/>\n<link rel=\"canonical\" href=\"https:\/\/www.hofstatter.com\/it\/impronta\/\" \/>\n<meta property=\"og:locale\" content=\"it_IT\" \/>\n<meta property=\"og:type\" content=\"article\" \/>\n<meta property=\"og:title\" content=\"Impronta - Tenuta J. Hofst\u00e4tter\" \/>\n<meta property=\"og:url\" content=\"https:\/\/www.hofstatter.com\/it\/impronta\/\" \/>\n<meta property=\"og:site_name\" content=\"Tenuta J. Hofst\u00e4tter\" \/>\n<meta property=\"article:modified_time\" content=\"2026-05-14T12:33:23+00:00\" \/>\n<meta name=\"twitter:card\" content=\"summary_large_image\" \/>\n<meta name=\"twitter:label1\" content=\"Tempo di lettura stimato\" \/>\n\t<meta name=\"twitter:data1\" content=\"3 minuti\" \/>\n<script type=\"application\/ld+json\" class=\"yoast-schema-graph\">{\"@context\":\"https:\\\/\\\/schema.org\",\"@graph\":[{\"@type\":\"WebPage\",\"@id\":\"https:\\\/\\\/www.hofstatter.com\\\/it\\\/impronta\\\/\",\"url\":\"https:\\\/\\\/www.hofstatter.com\\\/it\\\/impronta\\\/\",\"name\":\"Impronta - Tenuta J. Hofst\u00e4tter\",\"isPartOf\":{\"@id\":\"https:\\\/\\\/www.hofstatter.com\\\/it\\\/#website\"},\"datePublished\":\"2024-08-27T11:17:43+00:00\",\"dateModified\":\"2026-05-14T12:33:23+00:00\",\"breadcrumb\":{\"@id\":\"https:\\\/\\\/www.hofstatter.com\\\/it\\\/impronta\\\/#breadcrumb\"},\"inLanguage\":\"it-IT\",\"potentialAction\":[{\"@type\":\"ReadAction\",\"target\":[\"https:\\\/\\\/www.hofstatter.com\\\/it\\\/impronta\\\/\"]}]},{\"@type\":\"BreadcrumbList\",\"@id\":\"https:\\\/\\\/www.hofstatter.com\\\/it\\\/impronta\\\/#breadcrumb\",\"itemListElement\":[{\"@type\":\"ListItem\",\"position\":1,\"name\":\"Startseite\",\"item\":\"https:\\\/\\\/www.hofstatter.com\\\/it\\\/pagina-iniziale\\\/\"},{\"@type\":\"ListItem\",\"position\":2,\"name\":\"Impronta\"}]},{\"@type\":\"WebSite\",\"@id\":\"https:\\\/\\\/www.hofstatter.com\\\/it\\\/#website\",\"url\":\"https:\\\/\\\/www.hofstatter.com\\\/it\\\/\",\"name\":\"Weingut J. Hofst\u00e4tter\",\"description\":\"\",\"publisher\":{\"@id\":\"https:\\\/\\\/www.hofstatter.com\\\/it\\\/#organization\"},\"potentialAction\":[{\"@type\":\"SearchAction\",\"target\":{\"@type\":\"EntryPoint\",\"urlTemplate\":\"https:\\\/\\\/www.hofstatter.com\\\/it\\\/?s={search_term_string}\"},\"query-input\":{\"@type\":\"PropertyValueSpecification\",\"valueRequired\":true,\"valueName\":\"search_term_string\"}}],\"inLanguage\":\"it-IT\"},{\"@type\":\"Organization\",\"@id\":\"https:\\\/\\\/www.hofstatter.com\\\/it\\\/#organization\",\"name\":\"Weingut J. Hofst\u00e4tter\",\"url\":\"https:\\\/\\\/www.hofstatter.com\\\/it\\\/\",\"logo\":{\"@type\":\"ImageObject\",\"inLanguage\":\"it-IT\",\"@id\":\"https:\\\/\\\/www.hofstatter.com\\\/it\\\/#\\\/schema\\\/logo\\\/image\\\/\",\"url\":\"https:\\\/\\\/www.hofstatter.com\\\/wp-content\\\/uploads\\\/2024\\\/08\\\/logo.png\",\"contentUrl\":\"https:\\\/\\\/www.hofstatter.com\\\/wp-content\\\/uploads\\\/2024\\\/08\\\/logo.png\",\"width\":1540,\"height\":311,\"caption\":\"Weingut J. Hofst\u00e4tter\"},\"image\":{\"@id\":\"https:\\\/\\\/www.hofstatter.com\\\/it\\\/#\\\/schema\\\/logo\\\/image\\\/\"},\"sameAs\":[\"https:\\\/\\\/www.instagram.com\\\/hofstatter.winery\\\/\",\"https:\\\/\\\/www.linkedin.com\\\/company\\\/tenuta-hofstaetter\\\/\"]}]}<\/script>\n<!-- \/ Yoast SEO plugin. -->","yoast_head_json":{"title":"Impronta - Tenuta J. Hofst\u00e4tter","robots":{"index":"index","follow":"follow","max-snippet":"max-snippet:-1","max-image-preview":"max-image-preview:large","max-video-preview":"max-video-preview:-1"},"canonical":"https:\/\/www.hofstatter.com\/it\/impronta\/","og_locale":"it_IT","og_type":"article","og_title":"Impronta - Tenuta J. Hofst\u00e4tter","og_url":"https:\/\/www.hofstatter.com\/it\/impronta\/","og_site_name":"Tenuta J. Hofst\u00e4tter","article_modified_time":"2026-05-14T12:33:23+00:00","twitter_card":"summary_large_image","twitter_misc":{"Tempo di lettura stimato":"3 minuti"},"schema":{"@context":"https:\/\/schema.org","@graph":[{"@type":"WebPage","@id":"https:\/\/www.hofstatter.com\/it\/impronta\/","url":"https:\/\/www.hofstatter.com\/it\/impronta\/","name":"Impronta - Tenuta J. Hofst\u00e4tter","isPartOf":{"@id":"https:\/\/www.hofstatter.com\/it\/#website"},"datePublished":"2024-08-27T11:17:43+00:00","dateModified":"2026-05-14T12:33:23+00:00","breadcrumb":{"@id":"https:\/\/www.hofstatter.com\/it\/impronta\/#breadcrumb"},"inLanguage":"it-IT","potentialAction":[{"@type":"ReadAction","target":["https:\/\/www.hofstatter.com\/it\/impronta\/"]}]},{"@type":"BreadcrumbList","@id":"https:\/\/www.hofstatter.com\/it\/impronta\/#breadcrumb","itemListElement":[{"@type":"ListItem","position":1,"name":"Startseite","item":"https:\/\/www.hofstatter.com\/it\/pagina-iniziale\/"},{"@type":"ListItem","position":2,"name":"Impronta"}]},{"@type":"WebSite","@id":"https:\/\/www.hofstatter.com\/it\/#website","url":"https:\/\/www.hofstatter.com\/it\/","name":"Weingut J. Hofst\u00e4tter","description":"","publisher":{"@id":"https:\/\/www.hofstatter.com\/it\/#organization"},"potentialAction":[{"@type":"SearchAction","target":{"@type":"EntryPoint","urlTemplate":"https:\/\/www.hofstatter.com\/it\/?s={search_term_string}"},"query-input":{"@type":"PropertyValueSpecification","valueRequired":true,"valueName":"search_term_string"}}],"inLanguage":"it-IT"},{"@type":"Organization","@id":"https:\/\/www.hofstatter.com\/it\/#organization","name":"Weingut J. Hofst\u00e4tter","url":"https:\/\/www.hofstatter.com\/it\/","logo":{"@type":"ImageObject","inLanguage":"it-IT","@id":"https:\/\/www.hofstatter.com\/it\/#\/schema\/logo\/image\/","url":"https:\/\/www.hofstatter.com\/wp-content\/uploads\/2024\/08\/logo.png","contentUrl":"https:\/\/www.hofstatter.com\/wp-content\/uploads\/2024\/08\/logo.png","width":1540,"height":311,"caption":"Weingut J. Hofst\u00e4tter"},"image":{"@id":"https:\/\/www.hofstatter.com\/it\/#\/schema\/logo\/image\/"},"sameAs":["https:\/\/www.instagram.com\/hofstatter.winery\/","https:\/\/www.linkedin.com\/company\/tenuta-hofstaetter\/"]}]}},"_links":{"self":[{"href":"https:\/\/www.hofstatter.com\/it\/wp-json\/wp\/v2\/pages\/3390","targetHints":{"allow":["GET"]}}],"collection":[{"href":"https:\/\/www.hofstatter.com\/it\/wp-json\/wp\/v2\/pages"}],"about":[{"href":"https:\/\/www.hofstatter.com\/it\/wp-json\/wp\/v2\/types\/page"}],"author":[{"embeddable":true,"href":"https:\/\/www.hofstatter.com\/it\/wp-json\/wp\/v2\/users\/1"}],"replies":[{"embeddable":true,"href":"https:\/\/www.hofstatter.com\/it\/wp-json\/wp\/v2\/comments?post=3390"}],"version-history":[{"count":11,"href":"https:\/\/www.hofstatter.com\/it\/wp-json\/wp\/v2\/pages\/3390\/revisions"}],"predecessor-version":[{"id":7769,"href":"https:\/\/www.hofstatter.com\/it\/wp-json\/wp\/v2\/pages\/3390\/revisions\/7769"}],"wp:attachment":[{"href":"https:\/\/www.hofstatter.com\/it\/wp-json\/wp\/v2\/media?parent=3390"}],"curies":[{"name":"wp","href":"https:\/\/api.w.org\/{rel}","templated":true}]}}